{"id":502,"date":"2021-07-26T08:41:35","date_gmt":"2021-07-26T08:41:35","guid":{"rendered":"http:\/\/vs2021.eulaliamartinez.es\/eulalia-martinez-psicologa\/"},"modified":"2025-04-30T11:16:04","modified_gmt":"2025-04-30T11:16:04","slug":"eulalia-martinez-psicologa","status":"publish","type":"page","link":"https:\/\/eulaliamartinez.es\/ca\/eulalia-martinez-psicologa\/","title":{"rendered":"Eulalia martinez psicologa"},"content":{"rendered":"<p>[et_pb_section fb_built=&#8221;1&#8243; admin_label=&#8221;Header&#8221; _builder_version=&#8221;4.16&#8243; background_color=&#8221;#f9f6f5&#8243; custom_margin_tablet=&#8221;180px||||false|false&#8221; custom_margin_phone=&#8221;180px||||false|false&#8221; custom_margin_last_edited=&#8221;on|tablet&#8221; custom_padding=&#8221;||0px||false|false&#8221; global_colors_info=&#8221;{}&#8221;][et_pb_row _builder_version=&#8221;4.16&#8243; z_index=&#8221;1&#8243; custom_padding=&#8221;||0px|||&#8221; global_colors_info=&#8221;{}&#8221;][et_pb_column type=&#8221;4_4&#8243; _builder_version=&#8221;4.16&#8243; custom_padding=&#8221;||||false|false&#8221; global_colors_info=&#8221;{}&#8221;][et_pb_divider show_divider=&#8221;off&#8221; _builder_version=&#8221;4.16&#8243; background_color=&#8221;#ffffff&#8221; transform_translate=&#8221;250px|0px&#8221; transform_translate_linked=&#8221;off&#8221; positioning=&#8221;absolute&#8221; position_origin_a=&#8221;top_right&#8221; horizontal_offset=&#8221;50%&#8221; width=&#8221;48%&#8221; height=&#8221;500px&#8221; custom_margin=&#8221;||||false|false&#8221; scroll_vertical_motion_enable=&#8221;on&#8221; scroll_vertical_motion=&#8221;0|50|50|100|0|0|2&#8243; scroll_horizontal_motion=&#8221;0|50|50|100|1|0|0.5&#8243; scroll_scaling_enable=&#8221;on&#8221; scroll_scaling=&#8221;0|50|50|100|100%|100|70%&#8221; motion_trigger_start=&#8221;bottom&#8221; global_colors_info=&#8221;{}&#8221;][\/et_pb_divider][et_pb_text _builder_version=&#8221;4.16&#8243; text_font_size=&#8221;24px&#8221; text_line_height=&#8221;2em&#8221; header_font=&#8221;Domine||||||||&#8221; header_font_size=&#8221;70px&#8221; header_line_height=&#8221;1.3em&#8221; text_font_size_tablet=&#8221;18px&#8221; text_font_size_phone=&#8221;16px&#8221; text_font_size_last_edited=&#8221;on|phone&#8221; header_font_size_tablet=&#8221;48px&#8221; header_font_size_phone=&#8221;38px&#8221; header_font_size_last_edited=&#8221;on|phone&#8221; locked=&#8221;off&#8221; global_colors_info=&#8221;{}&#8221;]<\/p>\n<h1>Eulalia Mart\u00ednez<\/h1>\n<p>[\/et_pb_text][\/et_pb_column][\/et_pb_row][et_pb_row column_structure=&#8221;1_2,1_2&#8243; use_custom_gutter=&#8221;on&#8221; gutter_width=&#8221;1&#8243; _builder_version=&#8221;4.16&#8243; custom_padding=&#8221;||0px||false|false&#8221; global_colors_info=&#8221;{}&#8221;][et_pb_column type=&#8221;1_2&#8243; _builder_version=&#8221;4.16&#8243; custom_padding=&#8221;100px||||false|false&#8221; custom_padding_tablet=&#8221;0px||||false|false&#8221; custom_padding_phone=&#8221;&#8221; custom_padding_last_edited=&#8221;on|tablet&#8221; global_colors_info=&#8221;{}&#8221;][et_pb_image src=&#8221;http:\/\/vs2021.eulaliamartinez.es\/wp-content\/uploads\/2021\/07\/eulalia-martinez.jpg&#8221; title_text=&#8221;eulalia-martinez&#8221; align=&#8221;right&#8221; align_tablet=&#8221;left&#8221; align_phone=&#8221;&#8221; align_last_edited=&#8221;on|tablet&#8221; _builder_version=&#8221;4.16&#8243; locked=&#8221;off&#8221; global_colors_info=&#8221;{}&#8221;][\/et_pb_image][et_pb_divider color=&#8221;#000000&#8243; divider_weight=&#8221;200px&#8221; _builder_version=&#8221;4.16&#8243; positioning=&#8221;absolute&#8221; horizontal_offset=&#8221;0px&#8221; width=&#8221;1px&#8221; custom_padding=&#8221;|4px||4px|false|true&#8221; scroll_vertical_motion_enable=&#8221;on&#8221; scroll_vertical_motion=&#8221;0|80|80|100|0|0|2&#8243; motion_trigger_start=&#8221;top&#8221; box_shadow_style=&#8221;preset7&#8243; box_shadow_horizontal=&#8221;0px&#8221; box_shadow_vertical=&#8221;9px&#8221; box_shadow_color=&#8221;#000000&#8243; global_colors_info=&#8221;{}&#8221;][\/et_pb_divider][\/et_pb_column][et_pb_column type=&#8221;1_2&#8243; _builder_version=&#8221;4.16&#8243; custom_padding=&#8221;|||60px|false|false&#8221; global_colors_info=&#8221;{}&#8221;][et_pb_text ul_type=&#8221;square&#8221; _builder_version=&#8221;4.16&#8243; text_font_size=&#8221;16px&#8221; text_line_height=&#8221;3em&#8221; custom_margin_tablet=&#8221;40px||40px||true|false&#8221; custom_margin_phone=&#8221;&#8221; custom_margin_last_edited=&#8221;on|tablet&#8221; custom_padding=&#8221;||||false&#8221; locked=&#8221;off&#8221; global_colors_info=&#8221;{}&#8221;]<\/p>\n<ul>\n<li>Psic\u00f2loga Especialista en Psicologia Cl\u00ednica d\u2019Orientaci\u00f3 Psicoanal\u00edtica.<\/li>\n<li>Llicenciada en Filosofia i Ci\u00e8ncies de l\u2019Educaci\u00f3 (Secci\u00f3 de Psicologia).<\/li>\n<li>T\u00edtol de Psic\u00f2loga Especialista en Psicologia Cl\u00ednica expedit pel Ministeri d\u2019Educaci\u00f3 i Ci\u00e8ncia.<\/li>\n<li>EuroPsy: Experta en psicoterapia.<\/li>\n<li>Col\u2022legiada N\u00ba 3590 pel Col\u2022legi Oficial de Psic\u00f2legs de Catalunya.<\/li>\n<li><a href=\"https:\/\/www.umbral-red.org\/ca\/\" target=\"_blank\" rel=\"noopener\" title=\"Umbral\">Professional Col\u2022laboradora de Umbral. Xarxa d\u2019assist\u00e8ncia &#8220;Psi&#8221;.<\/a><\/li>\n<li>Amb consulta sanit\u00e0ria assistencial de Psicologia Cl\u00ednica reconeguda i registrada pel Departament de Salut de la Generalitat de Catalunya amb el codi: EO8598334<\/li>\n<\/ul>\n<p>[\/et_pb_text][\/et_pb_column][\/et_pb_row][\/et_pb_section][et_pb_section fb_built=&#8221;1&#8243; admin_label=&#8221;About&#8221; _builder_version=&#8221;4.16&#8243; background_color=&#8221;#f9f6f5&#8243; background_enable_image=&#8221;off&#8221; background_size=&#8221;initial&#8221; background_position=&#8221;top_left&#8221; background_repeat=&#8221;repeat&#8221; custom_padding=&#8221;0px||||false|false&#8221; global_colors_info=&#8221;{}&#8221;][et_pb_row column_structure=&#8221;1_2,1_2&#8243; use_custom_gutter=&#8221;on&#8221; gutter_width=&#8221;1&#8243; _builder_version=&#8221;4.16&#8243; custom_padding=&#8221;0px|||||&#8221; global_colors_info=&#8221;{}&#8221;][et_pb_column type=&#8221;1_2&#8243; _builder_version=&#8221;4.16&#8243; custom_padding=&#8221;6vw|60px|||false|false&#8221; custom_padding_tablet=&#8221;10vw|0px|||false|false&#8221; custom_padding_phone=&#8221;&#8221; custom_padding_last_edited=&#8221;on|tablet&#8221; global_colors_info=&#8221;{}&#8221;][et_pb_text _builder_version=&#8221;4.27.4&#8243; text_font_size=&#8221;16px&#8221; text_line_height=&#8221;1.8em&#8221; header_2_font=&#8221;Domine||||||||&#8221; header_2_font_size=&#8221;25px&#8221; header_2_line_height=&#8221;1.3em&#8221; max_width=&#8221;800px&#8221; hover_enabled=&#8221;0&#8243; header_2_font_size_tablet=&#8221;25px&#8221; header_2_font_size_phone=&#8221;24px&#8221; header_2_font_size_last_edited=&#8221;on|tablet&#8221; locked=&#8221;off&#8221; global_colors_info=&#8221;{}&#8221; header_2_2_font_size_tablet=&#8221;45px&#8221; header_3_2_font_size_tablet=&#8221;45px&#8221; header_4_2_font_size_tablet=&#8221;45px&#8221; header_5_2_font_size_tablet=&#8221;45px&#8221; header_6_2_font_size_tablet=&#8221;45px&#8221; header_2_2_font_size_phone=&#8221;35px&#8221; header_3_2_font_size_phone=&#8221;35px&#8221; header_4_2_font_size_phone=&#8221;35px&#8221; header_5_2_font_size_phone=&#8221;35px&#8221; header_6_2_font_size_phone=&#8221;35px&#8221; header_2_2_font_size_last_edited=&#8221;on|phone&#8221; header_3_2_font_size_last_edited=&#8221;on|phone&#8221; header_4_2_font_size_last_edited=&#8221;on|phone&#8221; header_5_2_font_size_last_edited=&#8221;on|phone&#8221; header_6_2_font_size_last_edited=&#8221;on|phone&#8221; sticky_enabled=&#8221;0&#8243;]<\/p>\n<h2>Experi\u00e8ncia en l&#8217;\u00e0mbit de la Salud Mental, en el tractament de Nens, Adolescents i Adults.<\/h2>\n<p>Utilitzo l&#8217;escolta psicoanal\u00edtica en l&#8217;atenci\u00f3 a una persona en el seu particular proc\u00e9s de recerca de solucions i canvi.<br \/>Tenint en compte que cada cas \u00e9s \u00fanic, part del treball tractar\u00e0 de determinar les causes que motiven els problemes i les condicions que expliquen la seva evoluci\u00f3, per despr\u00e9s plantejar la intervenci\u00f3 m\u00e9s adequada.<\/p>\n<p>[\/et_pb_text][et_pb_divider color=&#8221;#000000&#8243; divider_weight=&#8221;200px&#8221; _builder_version=&#8221;4.16&#8243; horizontal_offset=&#8221;0px&#8221; width=&#8221;1px&#8221; module_alignment=&#8221;center&#8221; height=&#8221;200px&#8221; custom_padding=&#8221;|4px||4px|false|true&#8221; scroll_vertical_motion_enable=&#8221;on&#8221; scroll_vertical_motion=&#8221;0|50|50|100|-1|0|1&#8243; motion_trigger_start=&#8221;top&#8221; box_shadow_style=&#8221;preset7&#8243; box_shadow_horizontal=&#8221;0px&#8221; box_shadow_vertical=&#8221;-9px&#8221; box_shadow_color=&#8221;#000000&#8243; locked=&#8221;off&#8221; global_colors_info=&#8221;{}&#8221;][\/et_pb_divider][et_pb_button button_url=&#8221;@ET-DC@eyJkeW5hbWljIjp0cnVlLCJjb250ZW50IjoicG9zdF9saW5rX3VybF9wYWdlIiwic2V0dGluZ3MiOnsicG9zdF9pZCI6IjI5MyJ9fQ==@&#8221; button_text=&#8221;Comencem?&#8221; button_alignment=&#8221;center&#8221; _builder_version=&#8221;4.16&#8243; _dynamic_attributes=&#8221;button_url&#8221; custom_button=&#8221;on&#8221; button_text_size=&#8221;12px&#8221; button_text_color=&#8221;#000000&#8243; button_bg_color=&#8221;#ffffff&#8221; button_border_width=&#8221;0px&#8221; button_border_radius=&#8221;0px&#8221; button_letter_spacing=&#8221;4px&#8221; button_font=&#8221;|700||on|||||&#8221; custom_padding=&#8221;18px|30px|18px|30px|true|true&#8221; locked=&#8221;off&#8221; global_colors_info=&#8221;{}&#8221;][\/et_pb_button][\/et_pb_column][et_pb_column type=&#8221;1_2&#8243; _builder_version=&#8221;4.16&#8243; global_colors_info=&#8221;{}&#8221;][et_pb_image src=&#8221;http:\/\/vs2021.eulaliamartinez.es\/wp-content\/uploads\/2021\/07\/psicologia-sant-feli-llobregat.jpg&#8221; alt=&#8221;Consultorio Sant Feliu de Llobregat&#8221; title_text=&#8221;psicologia-sant-feli-llobregat&#8221; align=&#8221;center&#8221; _builder_version=&#8221;4.16&#8243; max_height_tablet=&#8221;400px&#8221; max_height_phone=&#8221;&#8221; max_height_last_edited=&#8221;on|tablet&#8221; custom_margin=&#8221;|-10vw|||false|false&#8221; custom_margin_tablet=&#8221;|0vw|||false|false&#8221; custom_margin_phone=&#8221;&#8221; custom_margin_last_edited=&#8221;on|phone&#8221; global_colors_info=&#8221;{}&#8221;][\/et_pb_image][\/et_pb_column][\/et_pb_row][\/et_pb_section]<\/p>\n","protected":false},"excerpt":{"rendered":"<p>Eulalia Mart\u00ednez Psic\u00f2loga Especialista en Psicologia Cl\u00ednica d\u2019Orientaci\u00f3 Psicoanal\u00edtica. Llicenciada en Filosofia i Ci\u00e8ncies de l\u2019Educaci\u00f3 (Secci\u00f3 de Psicologia). T\u00edtol de Psic\u00f2loga Especialista en Psicologia Cl\u00ednica expedit pel Ministeri d\u2019Educaci\u00f3 i Ci\u00e8ncia. EuroPsy: Experta en psicoterapia. Col\u2022legiada N\u00ba 3590 pel Col\u2022legi Oficial de Psic\u00f2legs de Catalunya. Professional Col\u2022laboradora de Umbral. Xarxa d\u2019assist\u00e8ncia &#8220;Psi&#8221;. Amb consulta [&hellip;]<\/p>\n","protected":false},"author":1,"featured_media":0,"parent":0,"menu_order":0,"comment_status":"closed","ping_status":"closed","template":"","meta":{"_et_pb_use_builder":"on","_et_pb_old_content":"","_et_gb_content_width":"","footnotes":""},"class_list":["post-502","page","type-page","status-publish","hentry"],"_links":{"self":[{"href":"https:\/\/eulaliamartinez.es\/ca\/wp-json\/wp\/v2\/pages\/502","targetHints":{"allow":["GET"]}}],"collection":[{"href":"https:\/\/eulaliamartinez.es\/ca\/wp-json\/wp\/v2\/pages"}],"about":[{"href":"https:\/\/eulaliamartinez.es\/ca\/wp-json\/wp\/v2\/types\/page"}],"author":[{"embeddable":true,"href":"https:\/\/eulaliamartinez.es\/ca\/wp-json\/wp\/v2\/users\/1"}],"replies":[{"embeddable":true,"href":"https:\/\/eulaliamartinez.es\/ca\/wp-json\/wp\/v2\/comments?post=502"}],"version-history":[{"count":13,"href":"https:\/\/eulaliamartinez.es\/ca\/wp-json\/wp\/v2\/pages\/502\/revisions"}],"predecessor-version":[{"id":672,"href":"https:\/\/eulaliamartinez.es\/ca\/wp-json\/wp\/v2\/pages\/502\/revisions\/672"}],"wp:attachment":[{"href":"https:\/\/eulaliamartinez.es\/ca\/wp-json\/wp\/v2\/media?parent=502"}],"curies":[{"name":"wp","href":"https:\/\/api.w.org\/{rel}","templated":true}]}}