{"id":387,"date":"2021-07-14T08:05:54","date_gmt":"2021-07-14T08:05:54","guid":{"rendered":"http:\/\/vs2021.eulaliamartinez.es\/psicologia-adultos\/"},"modified":"2021-09-02T10:34:45","modified_gmt":"2021-09-02T10:34:45","slug":"psicologia-adultos","status":"publish","type":"page","link":"https:\/\/eulaliamartinez.es\/ca\/psicologia-adultos\/","title":{"rendered":"Psicologia Adults"},"content":{"rendered":"\n[et_pb_section fb_built=&#8221;1&#8243; admin_label=&#8221;Header&#8221; _builder_version=&#8221;4.9.10&#8243; background_color=&#8221;#f9f6f5&#8243; custom_padding=&#8221;||0px||false|false&#8221; hover_enabled=&#8221;0&#8243; custom_margin_last_edited=&#8221;on|tablet&#8221; sticky_enabled=&#8221;0&#8243; custom_margin_phone=&#8221;180px||||false|false&#8221; custom_margin_tablet=&#8221;180px||||false|false&#8221;][et_pb_row _builder_version=&#8221;4.9.7&#8243; z_index=&#8221;1&#8243;][et_pb_column type=&#8221;4_4&#8243; _builder_version=&#8221;4.4.0&#8243; custom_padding=&#8221;||||false|false&#8221;][et_pb_divider show_divider=&#8221;off&#8221; _builder_version=&#8221;4.4.0&#8243; background_color=&#8221;#ffffff&#8221; transform_translate=&#8221;250px|0px&#8221; transform_translate_linked=&#8221;off&#8221; positioning=&#8221;absolute&#8221; position_origin_a=&#8221;top_right&#8221; horizontal_offset=&#8221;50%&#8221; width=&#8221;48%&#8221; height=&#8221;500px&#8221; custom_margin=&#8221;||||false|false&#8221; scroll_vertical_motion_enable=&#8221;on&#8221; scroll_vertical_motion=&#8221;0|50|50|100|0|0|2&#8243; scroll_horizontal_motion=&#8221;0|50|50|100|1|0|0.5&#8243; scroll_scaling_enable=&#8221;on&#8221; scroll_scaling=&#8221;0|50|50|100|100%|100|70%&#8221; motion_trigger_start=&#8221;bottom&#8221;][\/et_pb_divider][et_pb_text _builder_version=&#8221;4.9.10&#8243; text_font_size=&#8221;24px&#8221; text_line_height=&#8221;2em&#8221; header_font=&#8221;Domine||||||||&#8221; header_font_size=&#8221;70px&#8221; header_line_height=&#8221;1.3em&#8221; custom_padding=&#8221;||0px|||&#8221; text_font_size_tablet=&#8221;18px&#8221; text_font_size_phone=&#8221;16px&#8221; text_font_size_last_edited=&#8221;on|phone&#8221; header_font_size_tablet=&#8221;48px&#8221; header_font_size_phone=&#8221;38px&#8221; header_font_size_last_edited=&#8221;on|phone&#8221; locked=&#8221;off&#8221;]<h1>Atenci\u00f3 psicoterap\u00e8utica a adults<\/h1>[\/et_pb_text][\/et_pb_column][\/et_pb_row][et_pb_row column_structure=&#8221;1_2,1_2&#8243; use_custom_gutter=&#8221;on&#8221; gutter_width=&#8221;1&#8243; _builder_version=&#8221;4.4.1&#8243; custom_padding=&#8221;||0px||false|false&#8221;][et_pb_column type=&#8221;1_2&#8243; _builder_version=&#8221;4.4.1&#8243; custom_padding=&#8221;100px||||false|false&#8221; custom_padding_tablet=&#8221;0px||||false|false&#8221; custom_padding_phone=&#8221;&#8221; custom_padding_last_edited=&#8221;on|tablet&#8221;][et_pb_image src=&#8221;http:\/\/vs2021.eulaliamartinez.es\/wp-content\/uploads\/2021\/07\/atencion-psicoterapeutica-adultos.jpg&#8221; alt=&#8221;atenci\u00f3n psicoterap\u00e9utica adultos&#8221; title_text=&#8221;atenci\u00f3n psicoterap\u00e9utica adultos&#8221; align=&#8221;right&#8221; align_tablet=&#8221;left&#8221; align_phone=&#8221;&#8221; align_last_edited=&#8221;on|tablet&#8221; _builder_version=&#8221;4.9.7&#8243; locked=&#8221;off&#8221;][\/et_pb_image][et_pb_divider color=&#8221;#000000&#8243; divider_weight=&#8221;200px&#8221; _builder_version=&#8221;4.4.0&#8243; positioning=&#8221;absolute&#8221; horizontal_offset=&#8221;0px&#8221; width=&#8221;1px&#8221; custom_padding=&#8221;|4px||4px|false|true&#8221; scroll_vertical_motion_enable=&#8221;on&#8221; scroll_vertical_motion=&#8221;0|80|80|100|0|0|2&#8243; motion_trigger_start=&#8221;top&#8221; box_shadow_style=&#8221;preset7&#8243; box_shadow_horizontal=&#8221;0px&#8221; box_shadow_vertical=&#8221;9px&#8221; box_shadow_color=&#8221;#000000&#8243;][\/et_pb_divider][\/et_pb_column][et_pb_column type=&#8221;1_2&#8243; _builder_version=&#8221;4.4.0&#8243; custom_padding=&#8221;|||60px|false|false&#8221;][et_pb_text _builder_version=&#8221;4.9.10&#8243; text_font_size=&#8221;22px&#8221; text_line_height=&#8221;2em&#8221; text_orientation=&#8221;justified&#8221; custom_margin_tablet=&#8221;40px||40px||true|false&#8221; custom_margin_phone=&#8221;&#8221; custom_margin_last_edited=&#8221;on|tablet&#8221; custom_padding=&#8221;||||false&#8221; locked=&#8221;off&#8221;]<p>Una persona adulta que \u00e9s conscient del seu psiquisme i est\u00e0 motivada per resoldre els seus problemes pot obtenir benefici del treball psicoanal\u00edtic per guanyar en benestar i salut.<\/p>[\/et_pb_text][\/et_pb_column][\/et_pb_row][\/et_pb_section][et_pb_section fb_built=&#8221;1&#8243; admin_label=&#8221;About&#8221; _builder_version=&#8221;4.9.7&#8243; background_color=&#8221;#f9f6f5&#8243; background_image=&#8221;http:\/\/vs2021.eulaliamartinez.es\/wp-content\/uploads\/2021\/07\/libreta-1.png&#8221; background_size=&#8221;initial&#8221; background_repeat=&#8221;repeat&#8221; custom_padding=&#8221;0px||||false|false&#8221;][et_pb_row column_structure=&#8221;1_2,1_2&#8243; use_custom_gutter=&#8221;on&#8221; gutter_width=&#8221;1&#8243; _builder_version=&#8221;4.9.7&#8243; custom_padding=&#8221;0px|||||&#8221;][et_pb_column type=&#8221;1_2&#8243; _builder_version=&#8221;4.9.7&#8243; custom_padding=&#8221;6vw|60px|||false|false&#8221; custom_padding_tablet=&#8221;10vw|0px|||false|false&#8221; custom_padding_phone=&#8221;&#8221; custom_padding_last_edited=&#8221;on|tablet&#8221;][et_pb_text _builder_version=&#8221;4.9.10&#8243; text_font_size=&#8221;22px&#8221; text_line_height=&#8221;2.4em&#8221; header_2_font=&#8221;Domine||||||||&#8221; header_2_font_size=&#8221;47px&#8221; header_2_line_height=&#8221;1.3em&#8221; max_width=&#8221;800px&#8221; custom_margin=&#8221;||70px||false|false&#8221; header_2_font_size_tablet=&#8221;45px&#8221; header_2_font_size_phone=&#8221;35px&#8221; header_2_font_size_last_edited=&#8221;on|phone&#8221; locked=&#8221;off&#8221; header_2_2_font_size_tablet=&#8221;45px&#8221; header_3_2_font_size_tablet=&#8221;45px&#8221; header_4_2_font_size_tablet=&#8221;45px&#8221; header_5_2_font_size_tablet=&#8221;45px&#8221; header_6_2_font_size_tablet=&#8221;45px&#8221; header_2_2_font_size_phone=&#8221;35px&#8221; header_3_2_font_size_phone=&#8221;35px&#8221; header_4_2_font_size_phone=&#8221;35px&#8221; header_5_2_font_size_phone=&#8221;35px&#8221; header_6_2_font_size_phone=&#8221;35px&#8221; header_2_2_font_size_last_edited=&#8221;on|phone&#8221; header_3_2_font_size_last_edited=&#8221;on|phone&#8221; header_4_2_font_size_last_edited=&#8221;on|phone&#8221; header_5_2_font_size_last_edited=&#8221;on|phone&#8221; header_6_2_font_size_last_edited=&#8221;on|phone&#8221;]<h2>Orientaci\u00f3 personal<\/h2>\n<p>Aquest treball avan\u00e7a en la mesura en qu\u00e8 la persona desitja i obt\u00e9 benefici d&#8217; un saber de si mateixa que va elaborant.<br \/>Despr\u00e9s de relativament poc temps no resulta molt dif\u00edcil saber en qu\u00e8 anir\u00e0 consistint el treball i el canvi.<\/p>\n<p>El tractament psicoanal\u00edtic es mostra efica\u00e7 en diferents problemes.<\/p>[\/et_pb_text][et_pb_divider color=&#8221;#000000&#8243; divider_weight=&#8221;200px&#8221; _builder_version=&#8221;4.9.7&#8243; horizontal_offset=&#8221;0px&#8221; width=&#8221;1px&#8221; module_alignment=&#8221;center&#8221; height=&#8221;209px&#8221; custom_padding=&#8221;|4px||4px|false|true&#8221; scroll_vertical_motion_enable=&#8221;on&#8221; scroll_vertical_motion=&#8221;0|50|50|100|-1|0|1&#8243; motion_trigger_start=&#8221;top&#8221; box_shadow_style=&#8221;preset7&#8243; box_shadow_horizontal=&#8221;0px&#8221; box_shadow_vertical=&#8221;-9px&#8221; box_shadow_color=&#8221;#000000&#8243; locked=&#8221;off&#8221;][\/et_pb_divider][et_pb_button button_url=&#8221;@ET-DC@eyJkeW5hbWljIjp0cnVlLCJjb250ZW50IjoicG9zdF9saW5rX3VybF9wYWdlIiwic2V0dGluZ3MiOnsicG9zdF9pZCI6IjM3NSJ9fQ==@&#8221; button_text=&#8221;Comencem&#8221; button_alignment=&#8221;center&#8221; _builder_version=&#8221;4.9.10&#8243; _dynamic_attributes=&#8221;button_url&#8221; custom_button=&#8221;on&#8221; button_text_size=&#8221;12px&#8221; button_text_color=&#8221;#000000&#8243; button_bg_color=&#8221;#ffffff&#8221; button_border_width=&#8221;0px&#8221; button_border_radius=&#8221;0px&#8221; button_letter_spacing=&#8221;4px&#8221; button_font=&#8221;|700||on|||||&#8221; custom_padding=&#8221;18px|30px|18px|30px|true|true&#8221; locked=&#8221;off&#8221;][\/et_pb_button][\/et_pb_column][et_pb_column type=&#8221;1_2&#8243; _builder_version=&#8221;4.4.0&#8243;][et_pb_image src=&#8221;http:\/\/vs2021.eulaliamartinez.es\/wp-content\/uploads\/2021\/07\/atencion-psicoterapeutica-adultos-chica.jpg&#8221; alt=&#8221;atenci\u00f3n psicoterap\u00e9utica adultos-chica&#8221; title_text=&#8221;atenci\u00f3n psicoterap\u00e9utica adultos-chica&#8221; align=&#8221;center&#8221; _builder_version=&#8221;4.9.7&#8243; max_height_tablet=&#8221;400px&#8221; max_height_phone=&#8221;&#8221; max_height_last_edited=&#8221;on|tablet&#8221; custom_margin=&#8221;|-10vw|||false|false&#8221; custom_margin_tablet=&#8221;|0vw|||false|false&#8221; custom_margin_phone=&#8221;&#8221; custom_margin_last_edited=&#8221;on|phone&#8221;][\/et_pb_image][\/et_pb_column][\/et_pb_row][\/et_pb_section][et_pb_section fb_built=&#8221;1&#8243; admin_label=&#8221;Classes&#8221; _builder_version=&#8221;4.4.0&#8243; background_color=&#8221;#f9f6f5&#8243; background_enable_image=&#8221;off&#8221; background_size=&#8221;initial&#8221; background_position=&#8221;top_center&#8221; custom_padding=&#8221;15vw||5vw||false|false&#8221;][et_pb_row column_structure=&#8221;1_2,1_2&#8243; use_custom_gutter=&#8221;on&#8221; gutter_width=&#8221;4&#8243; custom_padding_last_edited=&#8221;on|phone&#8221; _builder_version=&#8221;4.4.1&#8243; background_color=&#8221;#ffffff&#8221; max_width=&#8221;600px&#8221; custom_padding=&#8221;0px|30px||30px|false|true&#8221; custom_padding_tablet=&#8221;&#8221; custom_padding_phone=&#8221;|20px||20px|false|true&#8221;][et_pb_column type=&#8221;1_2&#8243; _builder_version=&#8221;4.4.1&#8243;][et_pb_image src=&#8221;http:\/\/vs2021.eulaliamartinez.es\/wp-content\/uploads\/2021\/08\/adulto-psicologia.jpg&#8221; alt=&#8221;Psicologo&#8221; title_text=&#8221;adulto-psicologia&#8221; _builder_version=&#8221;4.9.10&#8243; max_width=&#8221;510px&#8221; custom_margin=&#8221;-10vw|||-16vw|false|false&#8221; custom_margin_tablet=&#8221;0vw|||0vw|false|false&#8221; custom_margin_phone=&#8221;&#8221; custom_margin_last_edited=&#8221;on|tablet&#8221; locked=&#8221;off&#8221;][\/et_pb_image][et_pb_divider color=&#8221;#000000&#8243; divider_weight=&#8221;200px&#8221; _builder_version=&#8221;4.4.0&#8243; horizontal_offset=&#8221;0px&#8221; width=&#8221;1px&#8221; module_alignment=&#8221;center&#8221; height=&#8221;200px&#8221; custom_padding=&#8221;|4px||4px|false|true&#8221; scroll_vertical_motion_enable=&#8221;on&#8221; scroll_vertical_motion=&#8221;0|50|50|100|-1|0|1&#8243; motion_trigger_start=&#8221;top&#8221; box_shadow_style=&#8221;preset7&#8243; box_shadow_horizontal=&#8221;0px&#8221; box_shadow_vertical=&#8221;9px&#8221; box_shadow_color=&#8221;#000000&#8243; locked=&#8221;off&#8221;][\/et_pb_divider][et_pb_button button_url=&#8221;@ET-DC@eyJkeW5hbWljIjp0cnVlLCJjb250ZW50IjoicG9zdF9saW5rX3VybF9wYWdlIiwic2V0dGluZ3MiOnsicG9zdF9pZCI6IjM3NSJ9fQ==@&#8221; button_text=&#8221;Contacta&#8217;ns&#8221; button_alignment=&#8221;left&#8221; _builder_version=&#8221;4.9.10&#8243; _dynamic_attributes=&#8221;button_url&#8221; custom_button=&#8221;on&#8221; button_text_size=&#8221;12px&#8221; button_text_color=&#8221;#000000&#8243; button_bg_color=&#8221;rgba(0,0,0,0)&#8221; button_border_width=&#8221;2px&#8221; button_border_color=&#8221;#24394A&#8221; button_border_radius=&#8221;0px&#8221; button_letter_spacing=&#8221;4px&#8221; button_font=&#8221;|700||on|||||&#8221; custom_padding=&#8221;18px|30px|18px|30px|true|true&#8221; locked=&#8221;off&#8221;][\/et_pb_button][\/et_pb_column][et_pb_column type=&#8221;1_2&#8243; _builder_version=&#8221;4.4.1&#8243;][et_pb_text _builder_version=&#8221;4.9.10&#8243; text_line_height=&#8221;2em&#8221; header_2_font=&#8221;Domine||||||||&#8221; header_2_font_size=&#8221;35px&#8221; header_2_line_height=&#8221;1.3em&#8221; width=&#8221;800px&#8221; max_width=&#8221;800px&#8221; max_height=&#8221;510px&#8221; custom_margin=&#8221;-5vw|||-175px|false|false&#8221; custom_margin_tablet=&#8221;0px|||0px|false|false&#8221; custom_margin_phone=&#8221;&#8221; custom_margin_last_edited=&#8221;on|tablet&#8221; header_2_font_size_tablet=&#8221;45px&#8221; header_2_font_size_phone=&#8221;35px&#8221; header_2_font_size_last_edited=&#8221;on|phone&#8221; locked=&#8221;off&#8221; header_2_2_font_size_tablet=&#8221;45px&#8221; header_3_2_font_size_tablet=&#8221;45px&#8221; header_4_2_font_size_tablet=&#8221;45px&#8221; header_5_2_font_size_tablet=&#8221;45px&#8221; header_6_2_font_size_tablet=&#8221;45px&#8221; header_2_2_font_size_phone=&#8221;35px&#8221; header_3_2_font_size_phone=&#8221;35px&#8221; header_4_2_font_size_phone=&#8221;35px&#8221; header_5_2_font_size_phone=&#8221;35px&#8221; header_6_2_font_size_phone=&#8221;35px&#8221; header_2_2_font_size_last_edited=&#8221;on|phone&#8221; header_3_2_font_size_last_edited=&#8221;on|phone&#8221; header_4_2_font_size_last_edited=&#8221;on|phone&#8221; header_5_2_font_size_last_edited=&#8221;on|phone&#8221; header_6_2_font_size_last_edited=&#8221;on|phone&#8221;]<h2>S\u00f3n freq\u00fcents les consultes per:<\/h2>[\/et_pb_text][et_pb_blurb icon_alignment=&#8221;left&#8221; _builder_version=&#8221;4.9.10&#8243; header_level=&#8221;h3&#8243; header_font=&#8221;Domine||||||||&#8221; header_font_size=&#8221;24px&#8221; header_line_height=&#8221;1.4em&#8221; body_font_size=&#8221;20px&#8221; body_line_height=&#8221;2em&#8221; body_ul_type=&#8221;square&#8221; body_ul_line_height=&#8221;1.6em&#8221; max_width=&#8221;510px&#8221; custom_margin=&#8221;|-16vw|||false|false&#8221; custom_margin_tablet=&#8221;|0vw|||false|false&#8221; custom_margin_phone=&#8221;&#8221; custom_margin_last_edited=&#8221;on|tablet&#8221; header_font_size_tablet=&#8221;&#8221; header_font_size_phone=&#8221;20px&#8221; header_font_size_last_edited=&#8221;on|phone&#8221; locked=&#8221;off&#8221;]<ul>\n<li>Angoixa, nerviosisme que complica el dia a dia.<\/li>\n<li>Tristesa, descoratjament, falta de to vital<\/li>\n<li>Estr\u00e8s<\/li>\n<li>Situacions diverses de canvi<\/li>\n<li>Dificultats en les relacions personals, familiars, laborals.<\/li>\n<li>Dols<\/li>\n<li>Ideaci\u00f3 obsesiva<\/li>\n<li>Pors<\/li>\n<li>Malestar ps\u00edquic que se sap explicar o que no.<\/li>\n<\/ul>[\/et_pb_blurb][\/et_pb_column][\/et_pb_row][\/et_pb_section]\n","protected":false},"excerpt":{"rendered":"<p>Atenci\u00f3 psicoterap\u00e8utica a adultsUna persona adulta que \u00e9s conscient del seu psiquisme i est\u00e0 motivada per resoldre els seus problemes pot obtenir benefici del treball psicoanal\u00edtic per guanyar en benestar i salut.Orientaci\u00f3 personal Aquest treball avan\u00e7a en la mesura en qu\u00e8 la persona desitja i obt\u00e9 benefici d&#8217; un saber de si mateixa que va [&hellip;]<\/p>\n","protected":false},"author":1,"featured_media":0,"parent":0,"menu_order":0,"comment_status":"closed","ping_status":"closed","template":"","meta":{"_et_pb_use_builder":"on","_et_pb_old_content":"","_et_gb_content_width":"","footnotes":""},"class_list":["post-387","page","type-page","status-publish","hentry"],"_links":{"self":[{"href":"https:\/\/eulaliamartinez.es\/ca\/wp-json\/wp\/v2\/pages\/387","targetHints":{"allow":["GET"]}}],"collection":[{"href":"https:\/\/eulaliamartinez.es\/ca\/wp-json\/wp\/v2\/pages"}],"about":[{"href":"https:\/\/eulaliamartinez.es\/ca\/wp-json\/wp\/v2\/types\/page"}],"author":[{"embeddable":true,"href":"https:\/\/eulaliamartinez.es\/ca\/wp-json\/wp\/v2\/users\/1"}],"replies":[{"embeddable":true,"href":"https:\/\/eulaliamartinez.es\/ca\/wp-json\/wp\/v2\/comments?post=387"}],"version-history":[{"count":14,"href":"https:\/\/eulaliamartinez.es\/ca\/wp-json\/wp\/v2\/pages\/387\/revisions"}],"predecessor-version":[{"id":635,"href":"https:\/\/eulaliamartinez.es\/ca\/wp-json\/wp\/v2\/pages\/387\/revisions\/635"}],"wp:attachment":[{"href":"https:\/\/eulaliamartinez.es\/ca\/wp-json\/wp\/v2\/media?parent=387"}],"curies":[{"name":"wp","href":"https:\/\/api.w.org\/{rel}","templated":true}]}}