{"id":375,"date":"2021-06-29T15:32:24","date_gmt":"2021-06-29T15:32:24","guid":{"rendered":"http:\/\/vs2021.eulaliamartinez.es\/293-2\/"},"modified":"2021-09-02T10:32:09","modified_gmt":"2021-09-02T10:32:09","slug":"contacte","status":"publish","type":"page","link":"https:\/\/eulaliamartinez.es\/ca\/contacte\/","title":{"rendered":"Contacte"},"content":{"rendered":"\n[et_pb_section fb_built=&#8221;1&#8243; admin_label=&#8221;Header&#8221; _builder_version=&#8221;4.9.10&#8243; background_color=&#8221;#f9f6f5&#8243; background_image=&#8221;http:\/\/vs2021.eulaliamartinez.es\/wp-content\/uploads\/2021\/04\/yoga-pattern-01-1.png&#8221; background_size=&#8221;initial&#8221; background_position=&#8221;top_left&#8221; background_repeat=&#8221;repeat&#8221; custom_margin_tablet=&#8221;180px||||false|false&#8221; custom_margin_phone=&#8221;180px||||false|false&#8221; custom_margin_last_edited=&#8221;on|tablet&#8221; global_colors_info=&#8221;{}&#8221;][et_pb_row _builder_version=&#8221;4.4.0&#8243; global_colors_info=&#8221;{}&#8221;][et_pb_column type=&#8221;4_4&#8243; _builder_version=&#8221;4.4.0&#8243; global_colors_info=&#8221;{}&#8221;][et_pb_text _builder_version=&#8221;4.9.10&#8243; text_font_size=&#8221;24px&#8221; text_line_height=&#8221;2em&#8221; header_font=&#8221;Domine||||||||&#8221; header_font_size=&#8221;70px&#8221; header_line_height=&#8221;1.3em&#8221; text_font_size_tablet=&#8221;18px&#8221; text_font_size_phone=&#8221;16px&#8221; text_font_size_last_edited=&#8221;on|phone&#8221; header_font_size_tablet=&#8221;48px&#8221; header_font_size_phone=&#8221;38px&#8221; header_font_size_last_edited=&#8221;on|phone&#8221; locked=&#8221;off&#8221; global_colors_info=&#8221;{}&#8221;]<h1>Contacta&#8217;ns<\/h1>[\/et_pb_text][et_pb_contact_form use_spam_service=&#8221;on&#8221; recaptcha_list=&#8221;eulaliamartinezes|eulaliamartinezes-0&#8243; recaptcha_min_score=&#8221;0.6&#8243; email=&#8221;eulaliamh@gmail.com&#8221; custom_message=&#8221;Nom: %%name%%||et_pb_line_break_holder||Correu: %%email%%||et_pb_line_break_holder||Tel\u00e8fon: %%telefono%%||et_pb_line_break_holder||Missatge:  %%message%%||et_pb_line_break_holder||Privacitat: %%privacidad_2%%&#8221; success_message=&#8221;Gr\u00e0cies per la consulta&#8221; submit_button_text=&#8221;Enviar&#8221; _builder_version=&#8221;4.10.5&#8243; form_field_background_color=&#8221;rgba(0,0,0,0)&#8221; form_field_text_color=&#8221;#24394a&#8221; form_field_custom_padding=&#8221;18px|30px|18px|30px|true|true&#8221; title_level=&#8221;h2&#8243; title_font=&#8221;Domine||||||||&#8221; title_text_align=&#8221;center&#8221; title_font_size=&#8221;60px&#8221; title_line_height=&#8221;1.4em&#8221; form_field_font=&#8221;|700||on|||||&#8221; form_field_font_size=&#8221;12px&#8221; form_field_letter_spacing=&#8221;4px&#8221; custom_button=&#8221;on&#8221; button_text_size=&#8221;12px&#8221; button_text_color=&#8221;#ffffff&#8221; button_bg_color=&#8221;#24394A&#8221; button_border_width=&#8221;0px&#8221; button_border_radius=&#8221;0px&#8221; button_letter_spacing=&#8221;4px&#8221; button_font=&#8221;|700||on|||||&#8221; button_custom_padding=&#8221;18px|30px|18px|30px|true|true&#8221; text_orientation=&#8221;left&#8221; max_width=&#8221;800px&#8221; hover_enabled=&#8221;0&#8243; title_font_size_tablet=&#8221;45px&#8221; title_font_size_phone=&#8221;35px&#8221; title_font_size_last_edited=&#8221;on|phone&#8221; border_width_all=&#8221;1px&#8221; border_color_all=&#8221;#24394a&#8221; global_colors_info=&#8221;{}&#8221; sticky_enabled=&#8221;0&#8243;][et_pb_contact_field field_id=&#8221;name&#8221; field_title=&#8221;Nom&#8221; _builder_version=&#8221;4.10.5&#8243; global_colors_info=&#8221;{}&#8221; button_text_size__hover_enabled=&#8221;off&#8221; button_one_text_size__hover_enabled=&#8221;off&#8221; button_two_text_size__hover_enabled=&#8221;off&#8221; button_text_color__hover_enabled=&#8221;off&#8221; button_one_text_color__hover_enabled=&#8221;off&#8221; button_two_text_color__hover_enabled=&#8221;off&#8221; button_border_width__hover_enabled=&#8221;off&#8221; button_one_border_width__hover_enabled=&#8221;off&#8221; button_two_border_width__hover_enabled=&#8221;off&#8221; button_border_color__hover_enabled=&#8221;off&#8221; button_one_border_color__hover_enabled=&#8221;off&#8221; button_two_border_color__hover_enabled=&#8221;off&#8221; button_border_radius__hover_enabled=&#8221;off&#8221; button_one_border_radius__hover_enabled=&#8221;off&#8221; button_two_border_radius__hover_enabled=&#8221;off&#8221; button_letter_spacing__hover_enabled=&#8221;off&#8221; button_one_letter_spacing__hover_enabled=&#8221;off&#8221; button_two_letter_spacing__hover_enabled=&#8221;off&#8221; button_bg_color__hover_enabled=&#8221;off&#8221; button_one_bg_color__hover_enabled=&#8221;off&#8221; button_two_bg_color__hover_enabled=&#8221;off&#8221;][\/et_pb_contact_field][et_pb_contact_field field_id=&#8221;email&#8221; field_title=&#8221;Adre\u00e7a electr\u00f2nica&#8221; field_type=&#8221;email&#8221; _builder_version=&#8221;4.10.5&#8243; global_colors_info=&#8221;{}&#8221; button_text_size__hover_enabled=&#8221;off&#8221; button_one_text_size__hover_enabled=&#8221;off&#8221; button_two_text_size__hover_enabled=&#8221;off&#8221; button_text_color__hover_enabled=&#8221;off&#8221; button_one_text_color__hover_enabled=&#8221;off&#8221; button_two_text_color__hover_enabled=&#8221;off&#8221; button_border_width__hover_enabled=&#8221;off&#8221; button_one_border_width__hover_enabled=&#8221;off&#8221; button_two_border_width__hover_enabled=&#8221;off&#8221; button_border_color__hover_enabled=&#8221;off&#8221; button_one_border_color__hover_enabled=&#8221;off&#8221; button_two_border_color__hover_enabled=&#8221;off&#8221; button_border_radius__hover_enabled=&#8221;off&#8221; button_one_border_radius__hover_enabled=&#8221;off&#8221; button_two_border_radius__hover_enabled=&#8221;off&#8221; button_letter_spacing__hover_enabled=&#8221;off&#8221; button_one_letter_spacing__hover_enabled=&#8221;off&#8221; button_two_letter_spacing__hover_enabled=&#8221;off&#8221; button_bg_color__hover_enabled=&#8221;off&#8221; button_one_bg_color__hover_enabled=&#8221;off&#8221; button_two_bg_color__hover_enabled=&#8221;off&#8221;][\/et_pb_contact_field][et_pb_contact_field field_id=&#8221;telefono&#8221; field_title=&#8221;Tel\u00e9fono&#8221; _builder_version=&#8221;4.10.5&#8243; global_colors_info=&#8221;{}&#8221; button_text_size__hover_enabled=&#8221;off&#8221; button_one_text_size__hover_enabled=&#8221;off&#8221; button_two_text_size__hover_enabled=&#8221;off&#8221; button_text_color__hover_enabled=&#8221;off&#8221; button_one_text_color__hover_enabled=&#8221;off&#8221; button_two_text_color__hover_enabled=&#8221;off&#8221; button_border_width__hover_enabled=&#8221;off&#8221; button_one_border_width__hover_enabled=&#8221;off&#8221; button_two_border_width__hover_enabled=&#8221;off&#8221; button_border_color__hover_enabled=&#8221;off&#8221; button_one_border_color__hover_enabled=&#8221;off&#8221; button_two_border_color__hover_enabled=&#8221;off&#8221; button_border_radius__hover_enabled=&#8221;off&#8221; button_one_border_radius__hover_enabled=&#8221;off&#8221; button_two_border_radius__hover_enabled=&#8221;off&#8221; button_letter_spacing__hover_enabled=&#8221;off&#8221; button_one_letter_spacing__hover_enabled=&#8221;off&#8221; button_two_letter_spacing__hover_enabled=&#8221;off&#8221; button_bg_color__hover_enabled=&#8221;off&#8221; button_one_bg_color__hover_enabled=&#8221;off&#8221; button_two_bg_color__hover_enabled=&#8221;off&#8221;][\/et_pb_contact_field][et_pb_contact_field field_id=&#8221;message&#8221; field_title=&#8221;Consulta&#8221; field_type=&#8221;text&#8221; fullwidth_field=&#8221;on&#8221; _builder_version=&#8221;4.10.5&#8243; global_colors_info=&#8221;{}&#8221; button_text_size__hover_enabled=&#8221;off&#8221; button_one_text_size__hover_enabled=&#8221;off&#8221; button_two_text_size__hover_enabled=&#8221;off&#8221; button_text_color__hover_enabled=&#8221;off&#8221; button_one_text_color__hover_enabled=&#8221;off&#8221; button_two_text_color__hover_enabled=&#8221;off&#8221; button_border_width__hover_enabled=&#8221;off&#8221; button_one_border_width__hover_enabled=&#8221;off&#8221; button_two_border_width__hover_enabled=&#8221;off&#8221; button_border_color__hover_enabled=&#8221;off&#8221; button_one_border_color__hover_enabled=&#8221;off&#8221; button_two_border_color__hover_enabled=&#8221;off&#8221; button_border_radius__hover_enabled=&#8221;off&#8221; button_one_border_radius__hover_enabled=&#8221;off&#8221; button_two_border_radius__hover_enabled=&#8221;off&#8221; button_letter_spacing__hover_enabled=&#8221;off&#8221; button_one_letter_spacing__hover_enabled=&#8221;off&#8221; button_two_letter_spacing__hover_enabled=&#8221;off&#8221; button_bg_color__hover_enabled=&#8221;off&#8221; button_one_bg_color__hover_enabled=&#8221;off&#8221; button_two_bg_color__hover_enabled=&#8221;off&#8221;][\/et_pb_contact_field][et_pb_contact_field field_id=&#8221;privacidad_2&#8243; field_title=&#8221; &#8221; field_type=&#8221;checkbox&#8221; checkbox_options=&#8221;%91{%22value%22:%22Consenteixo el tractament de les meves dades. EULALIA MARTINEZ HERRERO tractar\u00e0 les seves dades amb la finalitat de contestar a les seves consultes, dubtes o peticions. Pot exercir els seus drets d&#8217;acc\u00e9s, rectificaci\u00f3, supressi\u00f3, portabilitat, limitaci\u00f3 i oposici\u00f3, com li vam informar en la nostra %22,%22checked%22:0,%22dragID%22:-1,%22link_text%22:%22 Pol\u00edtica de Privacitat i Av\u00eds Legal.%22,%22link_url%22:%22http:\/\/vs2021.eulaliamartinez.es\/politica-aviso-legal\/%22}%93&#8243; fullwidth_field=&#8221;on&#8221; _builder_version=&#8221;4.9.10&#8243; _module_preset=&#8221;default&#8221; global_colors_info=&#8221;{}&#8221;][\/et_pb_contact_field][\/et_pb_contact_form][\/et_pb_column][\/et_pb_row][\/et_pb_section][et_pb_section fb_built=&#8221;1&#8243; admin_label=&#8221;Map&#8221; _builder_version=&#8221;4.4.1&#8243; background_color=&#8221;#f9f6f5&#8243; background_enable_image=&#8221;off&#8221; background_size=&#8221;initial&#8221; background_position=&#8221;top_left&#8221; background_repeat=&#8221;repeat&#8221; global_colors_info=&#8221;{}&#8221;][et_pb_row column_structure=&#8221;2_5,3_5&#8243; use_custom_gutter=&#8221;on&#8221; gutter_width=&#8221;1&#8243; make_equal=&#8221;on&#8221; _builder_version=&#8221;4.9.7&#8243; locked=&#8221;off&#8221; global_colors_info=&#8221;{}&#8221;][et_pb_column type=&#8221;2_5&#8243; _builder_version=&#8221;4.9.7&#8243; background_color=&#8221;#24394a&#8221; background_image=&#8221;http:\/\/vs2021.eulaliamartinez.es\/wp-content\/uploads\/2021\/04\/yoga-tile-02.png&#8221; background_size=&#8221;initial&#8221; background_position=&#8221;top_left&#8221; background_repeat=&#8221;repeat&#8221; custom_padding=&#8221;70px|60px|70px|60px|true|true&#8221; custom_padding_tablet=&#8221;50px|40px|50px|40px|true|true&#8221; custom_padding_phone=&#8221;30px||30px|20px|true|false&#8221; custom_padding_last_edited=&#8221;on|phone&#8221; global_colors_info=&#8221;{}&#8221;][et_pb_text _builder_version=&#8221;4.9.10&#8243; text_text_color=&#8221;rgba(255,255,255,0.7)&#8221; text_line_height=&#8221;2em&#8221; header_6_font=&#8221;Domine|700|||||||&#8221; header_6_text_color=&#8221;#ffffff&#8221; header_6_font_size=&#8221;18px&#8221; header_6_line_height=&#8221;2em&#8221; background_layout=&#8221;dark&#8221; locked=&#8221;off&#8221; global_colors_info=&#8221;{}&#8221;]<h6>Direcci\u00f3<\/h6>\n<p><span>Carretera Laure\u00e0 Mir\u00f3, 207- 211, 1\u00ba 4\u00aa<\/span><br \/><span>08980 Sant Feliu de Llobregat (Barcelona)<\/span><\/p>[\/et_pb_text][et_pb_button button_url=&#8221;https:\/\/www.google.com\/maps\/place\/Carrer+de+Laure%C3%A0+Mir%C3%B3,+207,+08980+Sant+Feliu+de+Llobregat,+Barcelona,+Spain\/@41.381156,2.044256,13z\/data=!4m5!3m4!1s0x12a49bb4fce320cf:0xade8a70d2f4b324e!8m2!3d41.3811558!4d2.0442563?hl=en&#8221; url_new_window=&#8221;on&#8221; button_text=&#8221;Google maps&#8221; _builder_version=&#8221;4.9.9&#8243; custom_button=&#8221;on&#8221; button_text_size=&#8221;12px&#8221; button_text_color=&#8221;#ffffff&#8221; button_bg_color=&#8221;rgba(0,0,0,0)&#8221; button_border_width=&#8221;2px&#8221; button_border_color=&#8221;#ffffff&#8221; button_border_radius=&#8221;0px&#8221; button_letter_spacing=&#8221;4px&#8221; button_font=&#8221;|700||on|||||&#8221; custom_margin=&#8221;48px||||false|false&#8221; custom_margin_tablet=&#8221;|||0px|false|false&#8221; custom_margin_last_edited=&#8221;off|desktop&#8221; custom_padding=&#8221;18px|30px|18px|30px|true|true&#8221; locked=&#8221;off&#8221; global_colors_info=&#8221;{}&#8221;][\/et_pb_button][\/et_pb_column][et_pb_column type=&#8221;3_5&#8243; _builder_version=&#8221;4.4.1&#8243; global_colors_info=&#8221;{}&#8221;][et_pb_text _builder_version=&#8221;4.9.7&#8243; _module_preset=&#8221;default&#8221; global_colors_info=&#8221;{}&#8221;]<iframe src=\"https:\/\/www.google.com\/maps\/embed?pb=!1m14!1m8!1m3!1d23949.396052378186!2d2.044256!3d41.381156!3m2!1i1024!2i768!4f13.1!3m3!1m2!1s0x12a49bb4fce320cf%3A0xade8a70d2f4b324e!2sCarrer%20de%20Laure%C3%A0%20Mir%C3%B3%2C%20207%2C%2008980%20Sant%20Feliu%20de%20Llobregat%2C%20Barcelona%2C%20Spain!5e0!3m2!1sen!2sus!4v1626167486750!5m2!1sen!2sus\" width=\"600\" height=\"450\" style=\"border:0;\" allowfullscreen=\"\" loading=\"lazy\"><\/iframe>[\/et_pb_text][\/et_pb_column][\/et_pb_row][\/et_pb_section][et_pb_section fb_built=&#8221;1&#8243; admin_label=&#8221;FAQ&#8221; _builder_version=&#8221;4.4.1&#8243; background_color=&#8221;#f9f6f5&#8243; background_enable_image=&#8221;off&#8221; background_size=&#8221;initial&#8221; background_position=&#8221;top_left&#8221; background_repeat=&#8221;repeat&#8221; custom_padding=&#8221;||||false|false&#8221; locked=&#8221;off&#8221; global_colors_info=&#8221;{}&#8221;][et_pb_row column_structure=&#8221;1_2,1_2&#8243; _builder_version=&#8221;4.4.1&#8243; global_colors_info=&#8221;{}&#8221;][et_pb_column type=&#8221;1_2&#8243; _builder_version=&#8221;4.4.0&#8243; global_colors_info=&#8221;{}&#8221;][et_pb_text _builder_version=&#8221;4.9.10&#8243; text_line_height=&#8221;2em&#8221; header_2_font=&#8221;Domine||||||||&#8221; header_2_font_size=&#8221;60px&#8221; header_2_line_height=&#8221;1.3em&#8221; max_width=&#8221;800px&#8221; header_2_font_size_tablet=&#8221;45px&#8221; header_2_font_size_phone=&#8221;35px&#8221; header_2_font_size_last_edited=&#8221;on|phone&#8221; locked=&#8221;off&#8221; global_colors_info=&#8221;{}&#8221;]<h2>Informaci\u00f3<\/h2>[\/et_pb_text][\/et_pb_column][et_pb_column type=&#8221;1_2&#8243; _builder_version=&#8221;4.4.0&#8243; global_colors_info=&#8221;{}&#8221;][et_pb_divider color=&#8221;#000000&#8243; divider_position=&#8221;center&#8221; divider_weight=&#8221;1px&#8221; _builder_version=&#8221;4.4.1&#8243; positioning=&#8221;none&#8221; position_origin_a=&#8221;top_right&#8221; horizontal_offset=&#8221;0px&#8221; module_alignment=&#8221;left&#8221; max_height=&#8221;10px&#8221; custom_margin=&#8221;||||false|false&#8221; custom_padding=&#8221;0px||0px||true|false&#8221; scroll_horizontal_motion_enable=&#8221;on&#8221; scroll_horizontal_motion=&#8221;0|50|50|100|1|0|-1&#8243; box_shadow_style=&#8221;preset7&#8243; box_shadow_horizontal=&#8221;9px&#8221; box_shadow_vertical=&#8221;0px&#8221; box_shadow_color=&#8221;#000000&#8243; locked=&#8221;off&#8221; global_colors_info=&#8221;{}&#8221;][\/et_pb_divider][\/et_pb_column][\/et_pb_row][et_pb_row column_structure=&#8221;1_2,1_2&#8243; _builder_version=&#8221;4.4.0&#8243; global_colors_info=&#8221;{}&#8221;][et_pb_column type=&#8221;1_2&#8243; _builder_version=&#8221;4.4.0&#8243; global_colors_info=&#8221;{}&#8221;][et_pb_text _builder_version=&#8221;4.9.10&#8243; text_line_height=&#8221;2em&#8221; header_font=&#8221;||||||||&#8221; header_3_font=&#8221;Domine||||||||&#8221; header_3_font_size=&#8221;24px&#8221; header_3_line_height=&#8221;1.3em&#8221; max_width=&#8221;800px&#8221; header_3_font_size_tablet=&#8221;20px&#8221; header_3_font_size_phone=&#8221;20px&#8221; header_3_font_size_last_edited=&#8221;on|phone&#8221; locked=&#8221;off&#8221; global_colors_info=&#8221;{}&#8221;]<h3>Consulta en:<\/h3>\n<p>Carretera Laure\u00e0 Mir\u00f3, 207- 211, 1\u00ba 4\u00aa<br \/>08980 Sant Feliu de Llobregat (Barcelona)<\/p>\n<p>Demanar cita pr\u00e8via per tel\u00e8fon.<br \/>Hores concertades.<\/p>[\/et_pb_text][et_pb_text _builder_version=&#8221;4.9.10&#8243; text_line_height=&#8221;2em&#8221; header_font=&#8221;||||||||&#8221; header_3_font=&#8221;Domine||||||||&#8221; header_3_font_size=&#8221;24px&#8221; header_3_line_height=&#8221;1.3em&#8221; max_width=&#8221;800px&#8221; header_3_font_size_tablet=&#8221;20px&#8221; header_3_font_size_phone=&#8221;20px&#8221; header_3_font_size_last_edited=&#8221;on|phone&#8221; locked=&#8221;off&#8221; global_colors_info=&#8221;{}&#8221;]<h3>Horari de consulta:<\/h3>\n<p>De dilluns a divendres<br \/>Matins i tardes de 9:00 a 21h.<\/p>[\/et_pb_text][et_pb_text _builder_version=&#8221;4.9.10&#8243; text_line_height=&#8221;2em&#8221; header_font=&#8221;||||||||&#8221; header_3_font=&#8221;Domine||||||||&#8221; header_3_font_size=&#8221;24px&#8221; header_3_line_height=&#8221;1.3em&#8221; max_width=&#8221;800px&#8221; header_3_font_size_tablet=&#8221;20px&#8221; header_3_font_size_phone=&#8221;20px&#8221; header_3_font_size_last_edited=&#8221;on|phone&#8221; locked=&#8221;off&#8221; global_colors_info=&#8221;{}&#8221;]<h3>E-mail:<\/h3>\n<p><a href=\"mailto:eulaliamh@gmail.com\">eulaliamh@gmail.com<\/a><\/p>\n<p>Poden sol\u2022licitar m\u00e9s informaci\u00f3 en aquesta adre\u00e7a<\/p>[\/et_pb_text][\/et_pb_column][et_pb_column type=&#8221;1_2&#8243; _builder_version=&#8221;4.4.0&#8243; global_colors_info=&#8221;{}&#8221;][et_pb_text _builder_version=&#8221;4.9.10&#8243; text_line_height=&#8221;2em&#8221; header_font=&#8221;||||||||&#8221; header_3_font=&#8221;Domine||||||||&#8221; header_3_font_size=&#8221;24px&#8221; header_3_line_height=&#8221;1.3em&#8221; max_width=&#8221;800px&#8221; header_3_font_size_tablet=&#8221;20px&#8221; header_3_font_size_phone=&#8221;20px&#8221; header_3_font_size_last_edited=&#8221;on|phone&#8221; locked=&#8221;off&#8221; global_colors_info=&#8221;{}&#8221;]<h3>Com arribar:<\/h3>\n<p>La consulta es situa a la zona centre de Sant Feliu de Llobregat, a pocs metres de l&#8217; Ajuntament.<br \/>Molt a prop de l&#8217; Estaci\u00f3 de RENFE.<br \/>Parada d&#8217; autobusos urbans i interurbans just davant de la consulta.<\/p>[\/et_pb_text][et_pb_text _builder_version=&#8221;4.9.10&#8243; text_line_height=&#8221;2em&#8221; header_font=&#8221;||||||||&#8221; header_3_font=&#8221;Domine||||||||&#8221; header_3_font_size=&#8221;24px&#8221; header_3_line_height=&#8221;1.3em&#8221; max_width=&#8221;800px&#8221; header_3_font_size_tablet=&#8221;20px&#8221; header_3_font_size_phone=&#8221;20px&#8221; header_3_font_size_last_edited=&#8221;on|phone&#8221; locked=&#8221;off&#8221; global_colors_info=&#8221;{}&#8221;]<h3>Tel\u00e8fon de contacte:<\/h3>\n<p>93 685 64 83<\/p>\n<p>Poden posar-se en contacte o deixar el seu missatge en aquest tel\u00e8fon.<br \/>En breu em posar\u00e9 en contacte amb vost\u00e8s.<\/p>[\/et_pb_text][\/et_pb_column][\/et_pb_row][\/et_pb_section]\n","protected":false},"excerpt":{"rendered":"<p>Contacta&#8217;nsDirecci\u00f3 Carretera Laure\u00e0 Mir\u00f3, 207- 211, 1\u00ba 4\u00aa08980 Sant Feliu de Llobregat (Barcelona)Informaci\u00f3Consulta en: Carretera Laure\u00e0 Mir\u00f3, 207- 211, 1\u00ba 4\u00aa08980 Sant Feliu de Llobregat (Barcelona) Demanar cita pr\u00e8via per tel\u00e8fon.Hores concertades.Horari de consulta: De dilluns a divendresMatins i tardes de 9:00 a 21h.E-mail: eulaliamh@gmail.com Poden sol\u2022licitar m\u00e9s informaci\u00f3 en aquesta adre\u00e7aCom arribar: La consulta [&hellip;]<\/p>\n","protected":false},"author":1,"featured_media":0,"parent":0,"menu_order":0,"comment_status":"closed","ping_status":"closed","template":"","meta":{"_et_pb_use_builder":"on","_et_pb_old_content":"","_et_gb_content_width":"","footnotes":""},"class_list":["post-375","page","type-page","status-publish","hentry"],"_links":{"self":[{"href":"https:\/\/eulaliamartinez.es\/ca\/wp-json\/wp\/v2\/pages\/375","targetHints":{"allow":["GET"]}}],"collection":[{"href":"https:\/\/eulaliamartinez.es\/ca\/wp-json\/wp\/v2\/pages"}],"about":[{"href":"https:\/\/eulaliamartinez.es\/ca\/wp-json\/wp\/v2\/types\/page"}],"author":[{"embeddable":true,"href":"https:\/\/eulaliamartinez.es\/ca\/wp-json\/wp\/v2\/users\/1"}],"replies":[{"embeddable":true,"href":"https:\/\/eulaliamartinez.es\/ca\/wp-json\/wp\/v2\/comments?post=375"}],"version-history":[{"count":13,"href":"https:\/\/eulaliamartinez.es\/ca\/wp-json\/wp\/v2\/pages\/375\/revisions"}],"predecessor-version":[{"id":632,"href":"https:\/\/eulaliamartinez.es\/ca\/wp-json\/wp\/v2\/pages\/375\/revisions\/632"}],"wp:attachment":[{"href":"https:\/\/eulaliamartinez.es\/ca\/wp-json\/wp\/v2\/media?parent=375"}],"curies":[{"name":"wp","href":"https:\/\/api.w.org\/{rel}","templated":true}]}}